{"id":1013,"date":"2022-07-25T18:38:41","date_gmt":"2022-07-25T15:38:41","guid":{"rendered":"https:\/\/www.e-mittaus.fi\/?page_id=1013"},"modified":"2026-01-30T17:50:55","modified_gmt":"2026-01-30T15:50:55","slug":"mittaamme-asuntosi","status":"publish","type":"page","link":"https:\/\/www.e-mittaus.fi\/","title":{"rendered":"mittaamme asuntosi"},"content":{"rendered":"\n<figure class=\"wp-block-image size-full\"><a href=\"https:\/\/www.e-mittaus.fi\/wp-content\/uploads\/2015\/01\/im2_640x426.jpg\"><img loading=\"lazy\" decoding=\"async\" width=\"640\" height=\"426\" src=\"https:\/\/www.e-mittaus.fi\/wp-content\/uploads\/2015\/01\/im2_640x426.jpg\" alt=\"\" class=\"wp-image-593\" srcset=\"https:\/\/www.e-mittaus.fi\/wp-content\/uploads\/2015\/01\/im2_640x426.jpg 640w, https:\/\/www.e-mittaus.fi\/wp-content\/uploads\/2015\/01\/im2_640x426-300x199.jpg 300w, https:\/\/www.e-mittaus.fi\/wp-content\/uploads\/2015\/01\/im2_640x426-100x66.jpg 100w, https:\/\/www.e-mittaus.fi\/wp-content\/uploads\/2015\/01\/im2_640x426-150x99.jpg 150w, https:\/\/www.e-mittaus.fi\/wp-content\/uploads\/2015\/01\/im2_640x426-200x133.jpg 200w, https:\/\/www.e-mittaus.fi\/wp-content\/uploads\/2015\/01\/im2_640x426-450x299.jpg 450w, https:\/\/www.e-mittaus.fi\/wp-content\/uploads\/2015\/01\/im2_640x426-600x399.jpg 600w\" sizes=\"auto, (max-width: 640px) 100vw, 640px\" \/><\/a><\/figure>\n\n\n\n<p>Teemme kiinteist\u00f6jen mittauksia p\u00e4\u00e4kaupunkiseudulla.<\/p>\n\n\n\n<p>Mittasimme vuonna 2025 kaikkiaan 156 eri kohdetta, joissa oli yhteens\u00e4 434 asuntoa tai liiketilaa. Palvelemme sek\u00e4 yksityisasiakkaita ett\u00e4 taloyhti\u00f6it\u00e4, kiinteist\u00f6kehitt\u00e4ji\u00e4 ja rakennusliikkeit\u00e4.<\/p>\n\n\n\n<p>Yksityisasiakkaamme haluavat useimmiten selvitt\u00e4\u00e4 myyntiin tulevan asunnon huoneistoalan. Meill\u00e4 on t\u00e4h\u00e4n selke\u00e4 kiinte\u00e4hintainen palvelu.<\/p>\n\n\n\n<p>Remonttien tai muutost\u00f6iden pohjaksi tarvitaan ajantasaiset tarkat piirustukset kohteesta. Teemme ammattiasiakkaille mittakuvia suunnittelun pohjaksi ja tarkemittauksia valmistumisvaiheessa olevista kohteista.<\/p>\n\n\n\n<div class=\"wp-block-buttons is-layout-flex wp-block-buttons-is-layout-flex\">\n<div class=\"wp-block-button\"><a class=\"wp-block-button__link has-button-hover-text-color-color has-button-color-background-color has-text-color has-background wp-element-button\" href=\"https:\/\/www.e-mittaus.fi\/?page_id=1010\" style=\"border-radius:30px\">jatka<\/a><\/div>\n<\/div>\n","protected":false},"excerpt":{"rendered":"<p>Teemme kiinteist\u00f6jen mittauksia p\u00e4\u00e4kaupunkiseudulla. Mittasimme vuonna 2025 kaikkiaan 156 eri kohdetta, joissa oli yhteens\u00e4 434 asuntoa tai liiketilaa. Palvelemme sek\u00e4 yksityisasiakkaita ett\u00e4 taloyhti\u00f6it\u00e4, kiinteist\u00f6kehitt\u00e4ji\u00e4 ja rakennusliikkeit\u00e4. Yksityisasiakkaamme haluavat useimmiten selvitt\u00e4\u00e4 myyntiin tulevan asunnon huoneistoalan. Meill\u00e4 on t\u00e4h\u00e4n selke\u00e4 kiinte\u00e4hintainen palvelu. &hellip;<\/p>\n<p class=\"read-more\"> <a class=\"more-link\" href=\"https:\/\/www.e-mittaus.fi\/\"> <span class=\"screen-reader-text\">mittaamme asuntosi<\/span> Lue lis\u00e4\u00e4 &raquo;<\/a><\/p>\n","protected":false},"author":7,"featured_media":0,"parent":0,"menu_order":0,"comment_status":"closed","ping_status":"closed","template":"","meta":{"footnotes":""},"class_list":["post-1013","page","type-page","status-publish","hentry"],"_links":{"self":[{"href":"https:\/\/www.e-mittaus.fi\/index.php?rest_route=\/wp\/v2\/pages\/1013","targetHints":{"allow":["GET"]}}],"collection":[{"href":"https:\/\/www.e-mittaus.fi\/index.php?rest_route=\/wp\/v2\/pages"}],"about":[{"href":"https:\/\/www.e-mittaus.fi\/index.php?rest_route=\/wp\/v2\/types\/page"}],"author":[{"embeddable":true,"href":"https:\/\/www.e-mittaus.fi\/index.php?rest_route=\/wp\/v2\/users\/7"}],"replies":[{"embeddable":true,"href":"https:\/\/www.e-mittaus.fi\/index.php?rest_route=%2Fwp%2Fv2%2Fcomments&post=1013"}],"version-history":[{"count":11,"href":"https:\/\/www.e-mittaus.fi\/index.php?rest_route=\/wp\/v2\/pages\/1013\/revisions"}],"predecessor-version":[{"id":1212,"href":"https:\/\/www.e-mittaus.fi\/index.php?rest_route=\/wp\/v2\/pages\/1013\/revisions\/1212"}],"wp:attachment":[{"href":"https:\/\/www.e-mittaus.fi\/index.php?rest_route=%2Fwp%2Fv2%2Fmedia&parent=1013"}],"curies":[{"name":"wp","href":"https:\/\/api.w.org\/{rel}","templated":true}]}}