{"id":1032,"date":"2022-07-25T20:24:15","date_gmt":"2022-07-25T17:24:15","guid":{"rendered":"https:\/\/www.e-mittaus.fi\/?page_id=1032"},"modified":"2024-01-10T18:25:16","modified_gmt":"2024-01-10T16:25:16","slug":"rakennushankkeiden-mittaukset","status":"publish","type":"page","link":"https:\/\/www.e-mittaus.fi\/?page_id=1032","title":{"rendered":"rakennushankkeiden mittaukset"},"content":{"rendered":"\n<figure class=\"wp-block-image size-full\"><a href=\"https:\/\/www.e-mittaus.fi\/wp-content\/uploads\/2017\/03\/im6_640x402.jpg\"><img loading=\"lazy\" decoding=\"async\" width=\"640\" height=\"402\" src=\"https:\/\/www.e-mittaus.fi\/wp-content\/uploads\/2017\/03\/im6_640x402.jpg\" alt=\"\" class=\"wp-image-747\" srcset=\"https:\/\/www.e-mittaus.fi\/wp-content\/uploads\/2017\/03\/im6_640x402.jpg 640w, https:\/\/www.e-mittaus.fi\/wp-content\/uploads\/2017\/03\/im6_640x402-300x188.jpg 300w, https:\/\/www.e-mittaus.fi\/wp-content\/uploads\/2017\/03\/im6_640x402-100x63.jpg 100w, https:\/\/www.e-mittaus.fi\/wp-content\/uploads\/2017\/03\/im6_640x402-150x94.jpg 150w, https:\/\/www.e-mittaus.fi\/wp-content\/uploads\/2017\/03\/im6_640x402-200x126.jpg 200w, https:\/\/www.e-mittaus.fi\/wp-content\/uploads\/2017\/03\/im6_640x402-450x283.jpg 450w, https:\/\/www.e-mittaus.fi\/wp-content\/uploads\/2017\/03\/im6_640x402-600x377.jpg 600w\" sizes=\"auto, (max-width: 640px) 100vw, 640px\" \/><\/a><\/figure>\n\n\n\n<h2 class=\"wp-block-heading\">inventointimittaus<\/h2>\n\n\n\n<p><strong>linjasaneeraus<\/strong><\/p>\n\n\n\n<p>Linjasaneerauksen suunnittelun pohjaksi tarvitaan digitaalisessa muodossa olevat piirustukset rakennuksesta. Melko uusistakin rakennuksista on usein k\u00e4ytett\u00e4viss\u00e4 vain paperipiirustuksia tai niist\u00e4 skannattuja pdf-kopioita, joita ei ole p\u00e4ivitetty piirt\u00e4misen j\u00e4lkeen.<\/p>\n\n\n\n<p>Mittaamme rakennuksen laserkeilaamalla ja laadimme aineistosta uuden sarjan dwg-muotoisia pohjapiirustuksia, joita voidaan k\u00e4ytt\u00e4\u00e4 suoraan jatkosuunnittelun pohjana. Samalla taloyhti\u00f6 saa piirustuksensa p\u00e4ivitetyksi s\u00e4hk\u00f6iseen muotoon kaikkia tulevia hankkkeita varten.<\/p>\n\n\n\n<p><strong>ullakkorakentaminen<\/strong><\/p>\n\n\n\n<p>Vanhojen rakennusten ullakoista ei tavallisesti ole mit\u00e4\u00e4n luotettavia piirustuksia, joita voitaisiin k\u00e4ytt\u00e4\u00e4 ullakkorakentamisprojektin suunnitteluun. Tyypillisesti ullakolta l\u00f6ytyy monimuotoisia hormeja ja dokumentoimattomia teknisi\u00e4 rakenteita. Rakennuslupasyist\u00e4 my\u00f6s alkuper\u00e4inen vesikaton muoto ja julkisivun yl\u00e4osat on kartoitettava.<\/p>\n\n\n\n<p>Mittaamme ullakoita laserkeilaamalla sis\u00e4- ja ulkopuolelta ennen hankkeen aloitusta ja laadimme tarpeen mukaisen sarjan pohja- ja leikkauspiirustuksia suunnittelun pohjaksi. Joskus tehd\u00e4\u00e4n viel\u00e4 toinen mittauskierros kevyiden rakenteiden purun ja vanhan yl\u00e4pohjan avaamisen j\u00e4lkeen, jolloin suunnittelun kannalta kiinnostavat piirteet saadaan t\u00e4ydennetyksi piirustuksiin.<\/p>\n\n\n\n<p>Teemme my\u00f6s pelkk\u00e4\u00e4 <a href=\"https:\/\/www.e-mittaus.fi\/?page_id=929\">laserkeilausta <\/a>rakennusprojektien tarpeisiin. Silloin toimitamme rekister\u00f6idyn ja georeferoidun pistepilviaineiston suunnittelijalle mallinnettavaksi tai k\u00e4ytett\u00e4v\u00e4ksi suoraan suunnittelun pohjana.<\/p>\n\n\n\n<h2 class=\"wp-block-heading\">pinta-alamittaukset<\/h2>\n\n\n\n<p>Teemme pinta-alojen tarkistusmittauksia valmistumassa olevista kohteista.<br>Mittauksilla varmistetaan, ett\u00e4 yhti\u00f6j\u00e4rjestykseen saadaan oikeat huoneistoalat ja l\u00f6ydet\u00e4\u00e4n mahdolliset rakennusaikana tulleet poikkeamat alkuper\u00e4isist\u00e4 suunnitelmista.<\/p>\n\n\n\n<p>Mittaus tehd\u00e4\u00e4n laserkeilaimilla, joilla saadaan my\u00f6s vinokatot, ep\u00e4s\u00e4\u00e4nn\u00f6lliset muodot ja tasoerot luotettavasti esiin.<br>Mittaustuloksista laaditaan yksityiskohtainen raportti piirustuksineen.<\/p>\n\n\n\n<p>Tilaukset ja tiedustelut puhelimitse <a href=\"tel:0504313313\">050 431 3313<\/a><\/p>\n\n\n\n<h2 class=\"wp-block-heading\">tarjouspyynt\u00f6 tai muu kysely<\/h2>\n\n\n<div class=\"wpforms-container wpforms-container-full\" id=\"wpforms-1035\"><form id=\"wpforms-form-1035\" class=\"wpforms-validate wpforms-form wpforms-ajax-form\" data-formid=\"1035\" method=\"post\" enctype=\"multipart\/form-data\" action=\"\/index.php?rest_route=%2Fwp%2Fv2%2Fpages%2F1032\" data-token=\"d8c3b20a0b36d427bf8f16883a064de0\" data-token-time=\"1777989085\"><noscript class=\"wpforms-error-noscript\">Please enable JavaScript in your browser to complete this form.<\/noscript><div class=\"wpforms-field-container\"><div id=\"wpforms-1035-field_0-container\" class=\"wpforms-field wpforms-field-name\" data-field-id=\"0\"><label class=\"wpforms-field-label\" for=\"wpforms-1035-field_0\">nimi <span class=\"wpforms-required-label\">*<\/span><\/label><input type=\"text\" id=\"wpforms-1035-field_0\" class=\"wpforms-field-medium wpforms-field-required\" name=\"wpforms[fields][0]\" required><\/div><div id=\"wpforms-1035-field_6-container\" class=\"wpforms-field wpforms-field-text\" data-field-id=\"6\"><label class=\"wpforms-field-label\" for=\"wpforms-1035-field_6\">s\u00e4hk\u00f6posti <span class=\"wpforms-required-label\">*<\/span><\/label><input type=\"text\" id=\"wpforms-1035-field_6\" class=\"wpforms-field-medium wpforms-field-required\" name=\"wpforms[fields][6]\" required><\/div><div id=\"wpforms-1035-field_3-container\" class=\"wpforms-field wpforms-field-text\" data-field-id=\"3\"><label class=\"wpforms-field-label\" for=\"wpforms-1035-field_3\">puhelinnumero <span class=\"wpforms-required-label\">*<\/span><\/label><input type=\"text\" id=\"wpforms-1035-field_3\" class=\"wpforms-field-medium wpforms-field-required\" name=\"wpforms[fields][3]\" required><\/div><div id=\"wpforms-1035-field_2-container\" class=\"wpforms-field wpforms-field-textarea\" data-field-id=\"2\"><label class=\"wpforms-field-label\" for=\"wpforms-1035-field_2\">teht\u00e4v\u00e4n kuvaus <span class=\"wpforms-required-label\">*<\/span><\/label><textarea id=\"wpforms-1035-field_2\" class=\"wpforms-field-medium wpforms-field-required\" name=\"wpforms[fields][2]\" required><\/textarea><\/div><\/div><!-- .wpforms-field-container --><div class=\"wpforms-submit-container\" ><input type=\"hidden\" name=\"wpforms[id]\" value=\"1035\"><input type=\"hidden\" name=\"page_title\" value=\"\"><input type=\"hidden\" name=\"page_url\" value=\"https:\/\/www.e-mittaus.fi\/index.php?rest_route=\/wp\/v2\/pages\/1032\"><input type=\"hidden\" name=\"url_referer\" value=\"\"><button type=\"submit\" name=\"wpforms[submit]\" id=\"wpforms-submit-1035\" class=\"wpforms-submit\" data-alt-text=\"l\u00e4hetet\u00e4\u00e4n..\" data-submit-text=\"l\u00e4het\u00e4\" aria-live=\"assertive\" value=\"wpforms-submit\">l\u00e4het\u00e4<\/button><img loading=\"lazy\" decoding=\"async\" src=\"https:\/\/www.e-mittaus.fi\/wp-content\/plugins\/wpforms-lite\/assets\/images\/submit-spin.svg\" class=\"wpforms-submit-spinner\" style=\"display: none;\" width=\"26\" height=\"26\" alt=\"Loading\"><\/div><\/form><\/div>  <!-- .wpforms-container -->\n","protected":false},"excerpt":{"rendered":"<p>inventointimittaus linjasaneeraus Linjasaneerauksen suunnittelun pohjaksi tarvitaan digitaalisessa muodossa olevat piirustukset rakennuksesta. Melko uusistakin rakennuksista on usein k\u00e4ytett\u00e4viss\u00e4 vain paperipiirustuksia tai niist\u00e4 skannattuja pdf-kopioita, joita ei ole p\u00e4ivitetty piirt\u00e4misen j\u00e4lkeen. Mittaamme rakennuksen laserkeilaamalla ja laadimme aineistosta uuden sarjan dwg-muotoisia pohjapiirustuksia, joita &hellip;<\/p>\n<p class=\"read-more\"> <a class=\"more-link\" href=\"https:\/\/www.e-mittaus.fi\/?page_id=1032\"> <span class=\"screen-reader-text\">rakennushankkeiden mittaukset<\/span> Lue lis\u00e4\u00e4 &raquo;<\/a><\/p>\n","protected":false},"author":7,"featured_media":0,"parent":1013,"menu_order":2,"comment_status":"closed","ping_status":"closed","template":"full-width-page.php","meta":{"footnotes":""},"class_list":["post-1032","page","type-page","status-publish","hentry"],"_links":{"self":[{"href":"https:\/\/www.e-mittaus.fi\/index.php?rest_route=\/wp\/v2\/pages\/1032","targetHints":{"allow":["GET"]}}],"collection":[{"href":"https:\/\/www.e-mittaus.fi\/index.php?rest_route=\/wp\/v2\/pages"}],"about":[{"href":"https:\/\/www.e-mittaus.fi\/index.php?rest_route=\/wp\/v2\/types\/page"}],"author":[{"embeddable":true,"href":"https:\/\/www.e-mittaus.fi\/index.php?rest_route=\/wp\/v2\/users\/7"}],"replies":[{"embeddable":true,"href":"https:\/\/www.e-mittaus.fi\/index.php?rest_route=%2Fwp%2Fv2%2Fcomments&post=1032"}],"version-history":[{"count":17,"href":"https:\/\/www.e-mittaus.fi\/index.php?rest_route=\/wp\/v2\/pages\/1032\/revisions"}],"predecessor-version":[{"id":1178,"href":"https:\/\/www.e-mittaus.fi\/index.php?rest_route=\/wp\/v2\/pages\/1032\/revisions\/1178"}],"up":[{"embeddable":true,"href":"https:\/\/www.e-mittaus.fi\/index.php?rest_route=\/wp\/v2\/pages\/1013"}],"wp:attachment":[{"href":"https:\/\/www.e-mittaus.fi\/index.php?rest_route=%2Fwp%2Fv2%2Fmedia&parent=1032"}],"curies":[{"name":"wp","href":"https:\/\/api.w.org\/{rel}","templated":true}]}}