{"id":1045,"date":"2022-07-25T20:40:43","date_gmt":"2022-07-25T17:40:43","guid":{"rendered":"https:\/\/www.e-mittaus.fi\/?page_id=1045"},"modified":"2025-01-09T17:14:46","modified_gmt":"2025-01-09T15:14:46","slug":"yhteystiedot","status":"publish","type":"page","link":"https:\/\/www.e-mittaus.fi\/?page_id=1045","title":{"rendered":"yhteystiedot"},"content":{"rendered":"\n<figure class=\"wp-block-image alignleft size-full\"><a href=\"https:\/\/www.e-mittaus.fi\/wp-content\/uploads\/2017\/03\/mika_201308.jpg\"><img loading=\"lazy\" decoding=\"async\" width=\"166\" height=\"167\" src=\"https:\/\/www.e-mittaus.fi\/wp-content\/uploads\/2017\/03\/mika_201308.jpg\" alt=\"Mika Jahkola\" class=\"wp-image-753\" srcset=\"https:\/\/www.e-mittaus.fi\/wp-content\/uploads\/2017\/03\/mika_201308.jpg 166w, https:\/\/www.e-mittaus.fi\/wp-content\/uploads\/2017\/03\/mika_201308-150x150.jpg 150w, https:\/\/www.e-mittaus.fi\/wp-content\/uploads\/2017\/03\/mika_201308-100x101.jpg 100w, https:\/\/www.e-mittaus.fi\/wp-content\/uploads\/2017\/03\/mika_201308-50x50.jpg 50w\" sizes=\"auto, (max-width: 166px) 100vw, 166px\" \/><\/a><\/figure>\n\n\n\n<p>Mika Jahkola<br><a href=\"mailto:mika.jahkola@e-mittaus.fi\">mika.jahkola@e-mittaus.fi<\/a><br><a href=\"https:\/\/www.linkedin.com\/in\/mika-jahkola\">www.linkedin.com\/in\/mika-jahkola<\/a><\/p>\n\n\n\n<p>Tarjouspyynn\u00f6t ja tiedustelut puh. <a href=\"tel:050 431 3313\"><strong>050 431 3313<\/strong><\/a><br>Postiosoite Sokinm\u00e4ki 8 C 2, 02760 Espoo<\/p>\n\n\n\n<p>e-mittaus on suomalainen perheyhti\u00f6. Olemme keskittyneet  tekem\u00e4\u00e4n tarkkoja ajantasapiirustuksia rakennuksista ja varmentamaan huoneistojen pinta-aloja. Min\u00e4 osallistun lis\u00e4ksi asiantuntijana kiinteist\u00f6mittausten kansainv\u00e4liseen standardointity\u00f6h\u00f6n. <\/p>\n\n\n\n<p>Aloitimme kiinteist\u00f6jen mittaukset vuoden 2013 lopussa. Olemme siit\u00e4 l\u00e4htien mitanneet yli 1300 eri kohdetta &#8211; yksitt\u00e4isist\u00e4 kodeista kokonaisiin kerrostaloihin ja liikerakennuksiin.<\/p>\n\n\n\n<p>e-mittaus Suomi, Y-tunnus 2361738-8, ALV-rek<br>Rekisteritiedot <a title=\"ytj.fi\" href=\"https:\/\/tietopalvelu.ytj.fi\/yritystiedot.aspx?yavain=2285096&amp;tarkiste=F0AC2A9A7F8CBE5A2325E0634B3B06BF0B50EA37\" target=\"_blank\" rel=\"noopener noreferrer\">www.ytj.fi<\/a><\/p>\n\n\n\n<p><\/p>\n\n\n\n<p><a href=\"https:\/\/www.e-mittaus.fi\/wp-content\/uploads\/2015\/05\/e-mittaus_toimitusehdot_20150524.pdf\">e-mittauksen palveluiden yleiset toimitusehdot<\/a><\/p>\n\n\n\n<figure class=\"wp-block-image alignleft\"><a href=\"https:\/\/zeckit.com\/selvitys\/FI\/2361738-8?section=quickcheck\" target=\"_blank\" rel=\"noopener\"><img decoding=\"async\" src=\"https:\/\/kampanja.vastuugroup.fi\/hubfs\/Luotettava-Kumppani-logo_verkkosivuille-1.jpg\" alt=\"Luotettava Kumppani\"\/><\/a><\/figure>\n\n\n\n<p><\/p>\n","protected":false},"excerpt":{"rendered":"<p>Mika Jahkolamika.jahkola@e-mittaus.fiwww.linkedin.com\/in\/mika-jahkola Tarjouspyynn\u00f6t ja tiedustelut puh. 050 431 3313Postiosoite Sokinm\u00e4ki 8 C 2, 02760 Espoo e-mittaus on suomalainen perheyhti\u00f6. Olemme keskittyneet tekem\u00e4\u00e4n tarkkoja ajantasapiirustuksia rakennuksista ja varmentamaan huoneistojen pinta-aloja. Min\u00e4 osallistun lis\u00e4ksi asiantuntijana kiinteist\u00f6mittausten kansainv\u00e4liseen standardointity\u00f6h\u00f6n. Aloitimme kiinteist\u00f6jen mittaukset vuoden &hellip;<\/p>\n<p class=\"read-more\"> <a class=\"more-link\" href=\"https:\/\/www.e-mittaus.fi\/?page_id=1045\"> <span class=\"screen-reader-text\">yhteystiedot<\/span> Lue lis\u00e4\u00e4 &raquo;<\/a><\/p>\n","protected":false},"author":7,"featured_media":0,"parent":1013,"menu_order":3,"comment_status":"closed","ping_status":"closed","template":"full-width-page.php","meta":{"footnotes":""},"class_list":["post-1045","page","type-page","status-publish","hentry"],"_links":{"self":[{"href":"https:\/\/www.e-mittaus.fi\/index.php?rest_route=\/wp\/v2\/pages\/1045","targetHints":{"allow":["GET"]}}],"collection":[{"href":"https:\/\/www.e-mittaus.fi\/index.php?rest_route=\/wp\/v2\/pages"}],"about":[{"href":"https:\/\/www.e-mittaus.fi\/index.php?rest_route=\/wp\/v2\/types\/page"}],"author":[{"embeddable":true,"href":"https:\/\/www.e-mittaus.fi\/index.php?rest_route=\/wp\/v2\/users\/7"}],"replies":[{"embeddable":true,"href":"https:\/\/www.e-mittaus.fi\/index.php?rest_route=%2Fwp%2Fv2%2Fcomments&post=1045"}],"version-history":[{"count":13,"href":"https:\/\/www.e-mittaus.fi\/index.php?rest_route=\/wp\/v2\/pages\/1045\/revisions"}],"predecessor-version":[{"id":1208,"href":"https:\/\/www.e-mittaus.fi\/index.php?rest_route=\/wp\/v2\/pages\/1045\/revisions\/1208"}],"up":[{"embeddable":true,"href":"https:\/\/www.e-mittaus.fi\/index.php?rest_route=\/wp\/v2\/pages\/1013"}],"wp:attachment":[{"href":"https:\/\/www.e-mittaus.fi\/index.php?rest_route=%2Fwp%2Fv2%2Fmedia&parent=1045"}],"curies":[{"name":"wp","href":"https:\/\/api.w.org\/{rel}","templated":true}]}}