{"id":758,"date":"2017-03-25T19:22:50","date_gmt":"2017-03-25T17:22:50","guid":{"rendered":"http:\/\/www.e-mittaus.fi\/?page_id=758"},"modified":"2022-07-26T01:46:11","modified_gmt":"2022-07-25T22:46:11","slug":"vi-mater-din-lagenhet","status":"publish","type":"page","link":"https:\/\/www.e-mittaus.fi\/?page_id=758","title":{"rendered":"Vi m\u00e4ter din l\u00e4genhet"},"content":{"rendered":"\n<figure class=\"wp-block-image size-full\"><a href=\"http:\/\/www.e-mittaus.fi\/wp-content\/uploads\/2015\/01\/im3_640x426.jpg\"><img loading=\"lazy\" decoding=\"async\" width=\"640\" height=\"426\" src=\"https:\/\/www.e-mittaus.fi\/wp-content\/uploads\/2015\/01\/im3_640x426.jpg\" alt=\"im3_640x426\" class=\"wp-image-595\" srcset=\"https:\/\/www.e-mittaus.fi\/wp-content\/uploads\/2015\/01\/im3_640x426.jpg 640w, https:\/\/www.e-mittaus.fi\/wp-content\/uploads\/2015\/01\/im3_640x426-300x199.jpg 300w, https:\/\/www.e-mittaus.fi\/wp-content\/uploads\/2015\/01\/im3_640x426-100x66.jpg 100w, https:\/\/www.e-mittaus.fi\/wp-content\/uploads\/2015\/01\/im3_640x426-150x99.jpg 150w, https:\/\/www.e-mittaus.fi\/wp-content\/uploads\/2015\/01\/im3_640x426-200x133.jpg 200w, https:\/\/www.e-mittaus.fi\/wp-content\/uploads\/2015\/01\/im3_640x426-450x299.jpg 450w, https:\/\/www.e-mittaus.fi\/wp-content\/uploads\/2015\/01\/im3_640x426-600x399.jpg 600w\" sizes=\"auto, (max-width: 640px) 100vw, 640px\" \/><\/a><\/figure>\n\n\n\n<p>Vi g\u00f6r tekniska m\u00e4tningar av fastigheter i huvudstadsregionen.<\/p>\n\n\n\n<p>Vi m\u00e4ter \u00e5rligen tiotals objekt &#8211; enskilda l\u00e4genheter och sm\u00e5hus, aff\u00e4rslokaler, industriutrymmen och hela bostadshus. Vi betj\u00e4nar b\u00e5de privat- och f\u00f6retagskunder.<\/p>\n\n\n\n<p>V\u00e5ra privatkunder vill vanligen kontrollera bostadsytan av sin l\u00e4genhet innan den b\u00f6rjar marknadsf\u00f6ras. Vi erbjuder en standardiserad kontrollm\u00e4tningtj\u00e4nst till fast pris.<\/p>\n\n\n\n<p>F\u00f6r ett lyckat renovering- eller utvecklingssprojekt kr\u00e4vs att f\u00f6ruts\u00e4ttningarna \u00e4r r\u00e4tt. Vi betj\u00e4nar fastighetsf\u00f6rvaltare och entrepren\u00f6rer genom att m\u00e4ta upp utrymmen och skapa noggranna ritningar av nul\u00e4get som kan anv\u00e4ndas som planeringsunderlag. Vi g\u00f6r ocks\u00e5 kontrollm\u00e4tningar vid avslut av byggprojekt.<\/p>\n","protected":false},"excerpt":{"rendered":"<p>Vi g\u00f6r tekniska m\u00e4tningar av fastigheter i huvudstadsregionen. Vi m\u00e4ter \u00e5rligen tiotals objekt &#8211; enskilda l\u00e4genheter och sm\u00e5hus, aff\u00e4rslokaler, industriutrymmen och hela bostadshus. Vi betj\u00e4nar b\u00e5de privat- och f\u00f6retagskunder. V\u00e5ra privatkunder vill vanligen kontrollera bostadsytan av sin l\u00e4genhet innan den &hellip;<\/p>\n<p class=\"read-more\"> <a class=\"more-link\" href=\"https:\/\/www.e-mittaus.fi\/?page_id=758\"> <span class=\"screen-reader-text\">Vi m\u00e4ter din l\u00e4genhet<\/span> Lue lis\u00e4\u00e4 &raquo;<\/a><\/p>\n","protected":false},"author":8,"featured_media":0,"parent":0,"menu_order":0,"comment_status":"closed","ping_status":"closed","template":"full-width-page.php","meta":{"footnotes":""},"class_list":["post-758","page","type-page","status-publish","hentry"],"_links":{"self":[{"href":"https:\/\/www.e-mittaus.fi\/index.php?rest_route=\/wp\/v2\/pages\/758","targetHints":{"allow":["GET"]}}],"collection":[{"href":"https:\/\/www.e-mittaus.fi\/index.php?rest_route=\/wp\/v2\/pages"}],"about":[{"href":"https:\/\/www.e-mittaus.fi\/index.php?rest_route=\/wp\/v2\/types\/page"}],"author":[{"embeddable":true,"href":"https:\/\/www.e-mittaus.fi\/index.php?rest_route=\/wp\/v2\/users\/8"}],"replies":[{"embeddable":true,"href":"https:\/\/www.e-mittaus.fi\/index.php?rest_route=%2Fwp%2Fv2%2Fcomments&post=758"}],"version-history":[{"count":11,"href":"https:\/\/www.e-mittaus.fi\/index.php?rest_route=\/wp\/v2\/pages\/758\/revisions"}],"predecessor-version":[{"id":1137,"href":"https:\/\/www.e-mittaus.fi\/index.php?rest_route=\/wp\/v2\/pages\/758\/revisions\/1137"}],"wp:attachment":[{"href":"https:\/\/www.e-mittaus.fi\/index.php?rest_route=%2Fwp%2Fv2%2Fmedia&parent=758"}],"curies":[{"name":"wp","href":"https:\/\/api.w.org\/{rel}","templated":true}]}}