{"id":763,"date":"2017-03-25T19:22:05","date_gmt":"2017-03-25T17:22:05","guid":{"rendered":"http:\/\/www.e-mittaus.fi\/?page_id=763"},"modified":"2022-07-26T01:45:07","modified_gmt":"2022-07-25T22:45:07","slug":"kontrollmatning-av-bostader","status":"publish","type":"page","link":"https:\/\/www.e-mittaus.fi\/?page_id=763","title":{"rendered":"kontrollm\u00e4tning av bost\u00e4der"},"content":{"rendered":"\n<p>Vid marknadsf\u00f6ring och handel med bostadsaktier och fastigheter anv\u00e4nds begreppet bostadsyta. Bostadsytan b\u00f6r ocks\u00e5 anv\u00e4ndas i bolagsordningen f\u00f6r alla nya bostadsaktiebolag.<\/p>\n\n\n\n<p>Bostadsytan och dess m\u00e4tning definieras i standarden SFS 5139 (RT 12-11055).<\/p>\n\n\n\n<p>Framf\u00f6rallt i \u00e4ldre bostadshus r\u00e5der ibland os\u00e4kerhet om den verkliga bostadsytan. Vi utf\u00f6r standardenliga kontrollm\u00e4tningar av bostadsytan.<\/p>\n\n\n\n<p>Gamla ritningar \u00e4r inte n\u00f6dv\u00e4ndiga f\u00f6r en kontrollm\u00e4tning. Vi m\u00e4ter i varje fall den verkliga geometriska formen med noggrann laserutrustning och bostadsytan ber\u00e4knas utifr\u00e5n m\u00e4tresultaten<\/p>\n\n\n\n<h2 class=\"wp-block-heading\">pris<\/h2>\n\n\n\n<p>Priset av en kontrollm\u00e4tning beror p\u00e5 bostadstyp och storlek. En kontrollm\u00e4tning av en liten l\u00e4genhet i huvudstadsregionen startar fr\u00e5n 250 Euro.<\/p>\n\n\n\n<p>Best\u00e4llningar och till\u00e4ggsuppgifter<br><a href=\"tel:0504313313\"><strong>050 431 3313<\/strong><\/a><br><a href=\"mailto:mika.jahkola@e-mittaus.fi\">mika.jahkola@e-mittaus.fi<\/a><\/p>\n\n\n\n<h2 class=\"wp-block-heading\">offertf\u00f6rfr\u00e5gning<\/h2>\n\n\n<div class=\"wpforms-container wpforms-container-full\" id=\"wpforms-1080\"><form id=\"wpforms-form-1080\" class=\"wpforms-validate wpforms-form wpforms-ajax-form\" data-formid=\"1080\" method=\"post\" enctype=\"multipart\/form-data\" action=\"\/index.php?rest_route=%2Fwp%2Fv2%2Fpages%2F763\" data-token=\"fcaf9e1bbd8250559a2460fee7b57eb6\" data-token-time=\"1777994175\"><noscript class=\"wpforms-error-noscript\">Please enable JavaScript in your browser to complete this form.<\/noscript><div class=\"wpforms-field-container\"><div id=\"wpforms-1080-field_0-container\" class=\"wpforms-field wpforms-field-name\" data-field-id=\"0\"><label class=\"wpforms-field-label\" for=\"wpforms-1080-field_0\">namn <span class=\"wpforms-required-label\">*<\/span><\/label><input type=\"text\" id=\"wpforms-1080-field_0\" class=\"wpforms-field-medium wpforms-field-required\" name=\"wpforms[fields][0]\" required><\/div><div id=\"wpforms-1080-field_6-container\" class=\"wpforms-field wpforms-field-text\" data-field-id=\"6\"><label class=\"wpforms-field-label\" for=\"wpforms-1080-field_6\">e-postadress <span class=\"wpforms-required-label\">*<\/span><\/label><input type=\"text\" id=\"wpforms-1080-field_6\" class=\"wpforms-field-medium wpforms-field-required\" name=\"wpforms[fields][6]\" required><\/div><div id=\"wpforms-1080-field_3-container\" class=\"wpforms-field wpforms-field-text\" data-field-id=\"3\"><label class=\"wpforms-field-label\" for=\"wpforms-1080-field_3\">telefonnummer <span class=\"wpforms-required-label\">*<\/span><\/label><input type=\"text\" id=\"wpforms-1080-field_3\" class=\"wpforms-field-medium wpforms-field-required\" name=\"wpforms[fields][3]\" required><\/div><div id=\"wpforms-1080-field_4-container\" class=\"wpforms-field wpforms-field-text\" data-field-id=\"4\"><label class=\"wpforms-field-label\" for=\"wpforms-1080-field_4\">gatuadress <span class=\"wpforms-required-label\">*<\/span><\/label><input type=\"text\" id=\"wpforms-1080-field_4\" class=\"wpforms-field-medium wpforms-field-required\" name=\"wpforms[fields][4]\" required><\/div><div id=\"wpforms-1080-field_5-container\" class=\"wpforms-field wpforms-field-text\" data-field-id=\"5\"><label class=\"wpforms-field-label\" for=\"wpforms-1080-field_5\">postnummer <span class=\"wpforms-required-label\">*<\/span><\/label><input type=\"text\" id=\"wpforms-1080-field_5\" class=\"wpforms-field-medium wpforms-field-required wpforms-masked-input\" data-rule-inputmask-incomplete=\"1\" data-inputmask-mask=\"99999\" name=\"wpforms[fields][5]\" required><\/div><div id=\"wpforms-1080-field_2-container\" class=\"wpforms-field wpforms-field-textarea\" data-field-id=\"2\"><label class=\"wpforms-field-label\" for=\"wpforms-1080-field_2\">beskrivning och uppskattad storlek av bostaden <span class=\"wpforms-required-label\">*<\/span><\/label><textarea id=\"wpforms-1080-field_2\" class=\"wpforms-field-medium wpforms-field-required\" name=\"wpforms[fields][2]\" required><\/textarea><\/div><\/div><!-- .wpforms-field-container --><div class=\"wpforms-submit-container\" ><input type=\"hidden\" name=\"wpforms[id]\" value=\"1080\"><input type=\"hidden\" name=\"page_title\" value=\"\"><input type=\"hidden\" name=\"page_url\" value=\"https:\/\/www.e-mittaus.fi\/index.php?rest_route=\/wp\/v2\/pages\/763\"><input type=\"hidden\" name=\"url_referer\" value=\"\"><button type=\"submit\" name=\"wpforms[submit]\" id=\"wpforms-submit-1080\" class=\"wpforms-submit\" data-alt-text=\"ett \u00f6gonblick..\" data-submit-text=\"s\u00e4nd\" aria-live=\"assertive\" value=\"wpforms-submit\">s\u00e4nd<\/button><img loading=\"lazy\" decoding=\"async\" src=\"https:\/\/www.e-mittaus.fi\/wp-content\/plugins\/wpforms-lite\/assets\/images\/submit-spin.svg\" class=\"wpforms-submit-spinner\" style=\"display: none;\" width=\"26\" height=\"26\" alt=\"Loading\"><\/div><\/form><\/div>  <!-- .wpforms-container -->\n","protected":false},"excerpt":{"rendered":"<p>Vid marknadsf\u00f6ring och handel med bostadsaktier och fastigheter anv\u00e4nds begreppet bostadsyta. Bostadsytan b\u00f6r ocks\u00e5 anv\u00e4ndas i bolagsordningen f\u00f6r alla nya bostadsaktiebolag. Bostadsytan och dess m\u00e4tning definieras i standarden SFS 5139 (RT 12-11055). Framf\u00f6rallt i \u00e4ldre bostadshus r\u00e5der ibland os\u00e4kerhet om &hellip;<\/p>\n<p class=\"read-more\"> <a class=\"more-link\" href=\"https:\/\/www.e-mittaus.fi\/?page_id=763\"> <span class=\"screen-reader-text\">kontrollm\u00e4tning av bost\u00e4der<\/span> Lue lis\u00e4\u00e4 &raquo;<\/a><\/p>\n","protected":false},"author":8,"featured_media":0,"parent":758,"menu_order":1,"comment_status":"closed","ping_status":"closed","template":"full-width-page.php","meta":{"footnotes":""},"class_list":["post-763","page","type-page","status-publish","hentry"],"_links":{"self":[{"href":"https:\/\/www.e-mittaus.fi\/index.php?rest_route=\/wp\/v2\/pages\/763","targetHints":{"allow":["GET"]}}],"collection":[{"href":"https:\/\/www.e-mittaus.fi\/index.php?rest_route=\/wp\/v2\/pages"}],"about":[{"href":"https:\/\/www.e-mittaus.fi\/index.php?rest_route=\/wp\/v2\/types\/page"}],"author":[{"embeddable":true,"href":"https:\/\/www.e-mittaus.fi\/index.php?rest_route=\/wp\/v2\/users\/8"}],"replies":[{"embeddable":true,"href":"https:\/\/www.e-mittaus.fi\/index.php?rest_route=%2Fwp%2Fv2%2Fcomments&post=763"}],"version-history":[{"count":16,"href":"https:\/\/www.e-mittaus.fi\/index.php?rest_route=\/wp\/v2\/pages\/763\/revisions"}],"predecessor-version":[{"id":1136,"href":"https:\/\/www.e-mittaus.fi\/index.php?rest_route=\/wp\/v2\/pages\/763\/revisions\/1136"}],"up":[{"embeddable":true,"href":"https:\/\/www.e-mittaus.fi\/index.php?rest_route=\/wp\/v2\/pages\/758"}],"wp:attachment":[{"href":"https:\/\/www.e-mittaus.fi\/index.php?rest_route=%2Fwp%2Fv2%2Fmedia&parent=763"}],"curies":[{"name":"wp","href":"https:\/\/api.w.org\/{rel}","templated":true}]}}