{"id":929,"date":"2021-08-23T14:41:50","date_gmt":"2021-08-23T11:41:50","guid":{"rendered":"https:\/\/www.e-mittaus.fi\/?page_id=929"},"modified":"2024-01-10T18:31:47","modified_gmt":"2024-01-10T16:31:47","slug":"laserkeilaus","status":"publish","type":"page","link":"https:\/\/www.e-mittaus.fi\/?page_id=929","title":{"rendered":"laserkeilaus"},"content":{"rendered":"\n<p>Olemme tehneet rakennusten laserkeilauksia vuodesta 2017. Ty\u00f6n kohteena voi olla koko rakennus tai valittu osa siit\u00e4. Laajimmillaan k\u00e4ymme huone huoneelta l\u00e4pi kaikki rakennuksen sis\u00e4tilat, sek\u00e4 julkisivun, vesikaton ja hiukan maanpintaa rakennuksen ymp\u00e4rilt\u00e4. Aineistosta rakennetaan pistepilvi, joka on mittatarkka kolmiulotteinen kuva koko rakennuksesta.<\/p>\n\n\n\n<p>Tavallisimmat suunnitteluohjelmistot kuten Autocad, Archicad tai Revit pystyv\u00e4t lukemaan pistepilvi\u00e4. Suunnittelija k\u00e4ytt\u00e4\u00e4 pistepilve\u00e4 sellaisenaan visuaalisena pohjana suunnittelulle tai mallintaa siit\u00e4 ensin 3d-elementtej\u00e4, joihin suunnittelu nojaa. Pistepilviaineistoon voidaan my\u00f6s &#8221;hyp\u00e4t\u00e4 sis\u00e4\u00e4n&#8221; ja k\u00e4yd\u00e4 tarkistamassa, milt\u00e4 jokin yksityiskohta n\u00e4ytti, tarvitsematta k\u00e4yd\u00e4 fyysisesti paikalla.<\/p>\n\n\n\n<p>Pistepilviaineistot toimitetaan sovitussa tiedostoformaatissa (tavallisimmin e57 tai rcp), halutulla pistetiheydell\u00e4, yhdess\u00e4 tai monessa osassa, georeferoituna tai paikallisessa koordinaatistossa. Lis\u00e4ksi yleens\u00e4 toimitetaan py\u00f6r\u00e4hdyskuvat (panoraamakuvat keilaimen asemapisteist\u00e4) joko Recap-muotoisena tiedostona tai verkossa selaimella katseltavassa ja mitattavassa muodossa.<\/p>\n\n\n\n<p>Tyypillisesti asuinkerrostalon keilaamiseen menee viikko ja pistepilviaineisto valmistuu viikossa keilauksen p\u00e4\u00e4ttymisest\u00e4.<\/p>\n\n\n\n<p>Hyvin suurista kohteista kuten teollisuus- ja varastorakennuksista toimitamme my\u00f6s mobiilikeilattuja aineistoja. Mobiilikeilauksen etuna on, ett\u00e4 isonkin kohteen mittaus voidaan tehd\u00e4 hyvin nopeasti, usein yhdess\u00e4 p\u00e4iv\u00e4ss\u00e4. Suurempaa tarkkuutta vaativissa t\u00f6iss\u00e4 k\u00e4yt\u00e4mme kiinteit\u00e4 laserkeilaimia t\u00e4ydennettyn\u00e4 takymetrimittauksin.<\/p>\n","protected":false},"excerpt":{"rendered":"<p>Olemme tehneet rakennusten laserkeilauksia vuodesta 2017. Ty\u00f6n kohteena voi olla koko rakennus tai valittu osa siit\u00e4. Laajimmillaan k\u00e4ymme huone huoneelta l\u00e4pi kaikki rakennuksen sis\u00e4tilat, sek\u00e4 julkisivun, vesikaton ja hiukan maanpintaa rakennuksen ymp\u00e4rilt\u00e4. Aineistosta rakennetaan pistepilvi, joka on mittatarkka kolmiulotteinen kuva &hellip;<\/p>\n<p class=\"read-more\"> <a class=\"more-link\" href=\"https:\/\/www.e-mittaus.fi\/?page_id=929\"> <span class=\"screen-reader-text\">laserkeilaus<\/span> Lue lis\u00e4\u00e4 &raquo;<\/a><\/p>\n","protected":false},"author":6,"featured_media":0,"parent":1032,"menu_order":0,"comment_status":"closed","ping_status":"closed","template":"full-width-page.php","meta":{"footnotes":""},"class_list":["post-929","page","type-page","status-publish","hentry"],"_links":{"self":[{"href":"https:\/\/www.e-mittaus.fi\/index.php?rest_route=\/wp\/v2\/pages\/929","targetHints":{"allow":["GET"]}}],"collection":[{"href":"https:\/\/www.e-mittaus.fi\/index.php?rest_route=\/wp\/v2\/pages"}],"about":[{"href":"https:\/\/www.e-mittaus.fi\/index.php?rest_route=\/wp\/v2\/types\/page"}],"author":[{"embeddable":true,"href":"https:\/\/www.e-mittaus.fi\/index.php?rest_route=\/wp\/v2\/users\/6"}],"replies":[{"embeddable":true,"href":"https:\/\/www.e-mittaus.fi\/index.php?rest_route=%2Fwp%2Fv2%2Fcomments&post=929"}],"version-history":[{"count":10,"href":"https:\/\/www.e-mittaus.fi\/index.php?rest_route=\/wp\/v2\/pages\/929\/revisions"}],"predecessor-version":[{"id":1179,"href":"https:\/\/www.e-mittaus.fi\/index.php?rest_route=\/wp\/v2\/pages\/929\/revisions\/1179"}],"up":[{"embeddable":true,"href":"https:\/\/www.e-mittaus.fi\/index.php?rest_route=\/wp\/v2\/pages\/1032"}],"wp:attachment":[{"href":"https:\/\/www.e-mittaus.fi\/index.php?rest_route=%2Fwp%2Fv2%2Fmedia&parent=929"}],"curies":[{"name":"wp","href":"https:\/\/api.w.org\/{rel}","templated":true}]}}